{"id":195,"date":"2017-07-11T17:03:07","date_gmt":"2017-07-11T17:03:07","guid":{"rendered":"http:\/\/farmaciacentrala\u00f1aza.com\/?page_id=195"},"modified":"2019-04-20T19:08:11","modified_gmt":"2019-04-20T19:08:11","slug":"politica-de-seguridad","status":"publish","type":"page","link":"https:\/\/farmaciacentrala\u00f1aza.com\/?page_id=195","title":{"rendered":"T\u00e9rminos y condiciones"},"content":{"rendered":"<h2>Aviso legal<\/h2>\n<h3>1.- Identificaci\u00f3n del prestador de servicios<\/h3>\n<p><span style=\"font-family: georgia, palatino, serif;\">Nombre comercial: \u00a0<strong>Farmacia Licenciada Adoraci\u00f3n M\u00e9ndez Delgado<\/strong><\/span><\/p>\n<p><span style=\"font-family: georgia, palatino, serif;\">Denominaci\u00f3n social: \u00a0<strong>Farmacia Licenciada Adoraci\u00f3n M\u00e9ndez Delgado<\/strong><\/span><\/p>\n<p>[NIF]<\/p>\n<p>[N\u00famero de colegiado del titular de la oficina de farmacia]<\/p>\n<p><span style=\"font-family: georgia, palatino, serif;\">Domicilio social:<strong>\u00a0Calle Los Calados, n\u00ba 1\u00a0Edificio Alondras.\u00a038111 \u2013 A\u00f1aza Santa Cruz de Tenerife<\/strong><\/span><\/p>\n<p><span style=\"font-family: georgia, palatino, serif;\">Correo electr\u00f3nico:\u00a0<strong>farmaciacentral@anazatenerife.es<\/strong><\/span><\/p>\n<p><span style=\"font-family: georgia, palatino, serif;\">Tel\u00e9fono:\u00a0<b>922 68 87 47<\/b><\/span><\/p>\n<h3>2.- Enlaces a otros sitios web<\/h3>\n<p>En el presente Sitio web se utilizan hiperv\u00ednculos que permiten un v\u00ednculo o enlace con otros sitios web.\u00a0<strong>Farmacia Central A\u00f1aza<\/strong>\u00a0no se responsabiliza ni del contenido ni de las medidas de seguridad adoptadas por cualquier otra p\u00e1gina o sitio web a trav\u00e9s del cual se tiene acceso desde el presente Sitio web o bien que permita un v\u00ednculo o enlace con este Sitio web, sitios a los que accede el interesado bajo su exclusiva responsabilidad.<\/p>\n<p>Asimismo, tampoco se garantiza la ausencia de virus u otros elementos de los contenidos enlazados desde el Sitio web de\u00a0<strong>Farmacia Central A\u00f1aza\u00a0<\/strong>que puedan producir alteraciones en el sistema inform\u00e1tico (hardware y software) en los documentos o los archivos en los que consten datos personales, excluyendo asimismo a\u00a0<strong>Farmacia Central A\u00f1aza<\/strong> de cualquier responsabilidad derivada de los da\u00f1os de cualquier \u00edndole ocasionados por todo lo anterior.<\/p>\n<h3>3.- Propiedad intelectual e industrial<\/h3>\n<p>El Usuario reconoce y acepta que a excepci\u00f3n del contenido, datos o la informaci\u00f3n que cada Usuario facilite voluntariamente al Sitio web, todos los derechos de propiedad industrial e intelectual sobre los contenidos y\/o cualesquiera otros elementos insertados por <strong>Farmacia Central A\u00f1aza<\/strong>\u00a0en el presente Sitio web (incluyendo, a t\u00edtulo meramente enunciativo y no limitativo, todos aquellos elementos que conforman la apariencia visual, imagen gr\u00e1fica y otros est\u00edmulos sensoriales de los sitios web que conforman el sitio web o \u00ablook and feel\u00bb, marcas, logotipos, nombres comerciales, textos, im\u00e1genes, gr\u00e1ficos, dise\u00f1os, sonidos, bases de datos, software, diagramas de flujo, presentaci\u00f3n, arquitectura de navegaci\u00f3n, as\u00ed como los c\u00f3digos fuente de los sitios web) pertenecen a\u00a0<strong>Farmacia Central A\u00f1aza<\/strong> y\/o a terceros que le han cedido sus derechos. A tales efectos, se entender\u00e1 como Sitio web todas aquellas creaciones incorporadas y expresadas por <strong>Farmacia Central A\u00f1aza<\/strong> por cualquier medio y\/o soporte tangible o intangible, conocido o por conocer, que sea objeto de protecci\u00f3n por las disposiciones normativas vigentes en materia de propiedad intelectual e industrial.<\/p>\n<p>Queda autorizada la mera visualizaci\u00f3n, impresi\u00f3n, descarga o almacenamiento temporal, ya sea en su totalidad o parcialmente, de los contenidos y\/o de los elementos insertados por <strong>Farmacia Central A\u00f1aza<\/strong>\u00a0en el Sitio web o en los sitios que lo conforman exclusivamente para su uso personal, privado y no lucrativo por el Usuario, siempre que, en todo caso, se indique el origen y\/o autor de los mismos y que, en su caso, aparezca el s\u00edmbolo del copyright y\/o notas de propiedad industrial de sus titulares.<\/p>\n<p>En ning\u00fan caso el acceso al Sitio web implica ning\u00fan tipo de permiso, renuncia, transmisi\u00f3n, licencia o cesi\u00f3n total ni parcial de dichos derechos por parte de sus titulares, salvo que se establezca expresamente lo contrario. Las presentes Condiciones del Sitio web no confieren a los Usuarios ning\u00fan otro derecho de utilizaci\u00f3n, alteraci\u00f3n, explotaci\u00f3n, reproducci\u00f3n, distribuci\u00f3n o comunicaci\u00f3n p\u00fablica del Sitio web y\/o de sus contenidos distintos de los aqu\u00ed expresamente previstos. Cualquier otro uso o explotaci\u00f3n de cualesquiera derechos estar\u00e1 sujeto a la previa y expresa autorizaci\u00f3n espec\u00edficamente otorgada a tal efecto por <strong>Farmacia Central A\u00f1aza<\/strong>\u00a0o el tercero titular de los derechos afectados.<\/p>\n<p>Sin perjuicio de todo lo anterior, si el Cliente o un tercero estima que alg\u00fan contenido del Sitio web pudiera vulnerar derechos de propiedad intelectual e industrial, rogamos as\u00ed lo pongan en nuestro conocimiento a la mayor brevedad posible, remitiendo un correo electr\u00f3nico a la direcci\u00f3n <span style=\"font-family: georgia, palatino, serif;\"><strong>farmaciacentral@anazatenerife.es<\/strong><\/span><b><\/b><\/p>\n<p>&nbsp;<\/p>\n<h2>Pol\u00edtica de privacidad<\/h2>\n<p>El titular del sitio web <strong>farmaciacentrala\u00f1aza.com<\/strong>\u00a0es\u00a0<strong>Farmacia Central A\u00f1aza\u00a0<\/strong>con domicilio en\u00a0<span style=\"font-family: georgia, palatino, serif;\"><strong>Calle Los Calados, n\u00ba 1\u00a0Edificio Alondras.\u00a038111 \u2013 A\u00f1aza Santa Cruz de Tenerife<\/strong><\/span>.<\/p>\n<p>Trataremos sus datos con la finalidad de prestarle (v\u00eda postal, telef\u00f3nica, presencial y\/o telem\u00e1tica) nuestros productos y servicios que nos solicite.<\/p>\n<p>Ud. podr\u00e1 ejercer los derechos de acceso, rectificaci\u00f3n supresi\u00f3n y oposici\u00f3n, as\u00ed como, de los derechos de portabilidad y limitaci\u00f3n, y la revocaci\u00f3n en cualquier momento, mediante carta dirigida a <strong>Farmacia Central A\u00f1aza<\/strong>, en la <span style=\"font-family: georgia, palatino, serif;\"><strong>Calle Los Calados, n\u00ba 1\u00a0Edificio Alondras.\u00a038111 \u2013 A\u00f1aza Santa Cruz de Tenerife<\/strong><\/span> o bien, remitiendo un e-mail a <span style=\"font-family: georgia, palatino, serif;\"><strong>farmaciacentral@anazatenerife.es.<\/strong><\/span><\/p>\n<p><span style=\"font-family: georgia, palatino, serif;\">\u00a0<\/span><\/p>\n<h2>Pol\u00edtica de cookies<\/h2>\n<h3>1.- Pol\u00edtica de cookies<\/h3>\n<p>Este sitio web utiliza cookies (fragmento de informaci\u00f3n sobre su ordenador y navegaci\u00f3n que se almacena en su disco duro y proporcionada a trav\u00e9s de su navegador) \u00fanicamente para perfilar y mejorar la relaci\u00f3n con el Usuario y a fin de adaptarse a los medios tecnol\u00f3gicos. El Usuario tiene la posibilidad de configurar su navegador para ser avisado de la recepci\u00f3n o, en su caso, rechazo de la recepci\u00f3n de cookies en su disco duro, debiendo consultar a tal efecto, las instrucciones y manuales de su navegador para ampliar esta informaci\u00f3n.<\/p>\n<h3>2.- Qu\u00e9 son las cookies<\/h3>\n<p>Las cookies son peque\u00f1os archivos de datos que se reciben en el terminal desde el sitio web visitado y se usan para registrar ciertas interacciones de la navegaci\u00f3n en un sitio web almacenando datos que podr\u00e1n ser actualizados y recuperados. Estos archivos se almacenan en el ordenador del usuario y contiene datos an\u00f3nimos que no son perjudiciales para su equipo. Se utilizan para recordar las preferencias del usuario, como el idioma seleccionado, datos de acceso o personalizaci\u00f3n de la p\u00e1gina.<\/p>\n<p>Las cookies tambi\u00e9n pueden ser utilizadas para registrar informaci\u00f3n an\u00f3nima acerca de c\u00f3mo un visitante utiliza un sitio. Por ejemplo, desde qu\u00e9 sitio Web ha accedido, o si ha utilizado un \u201cbanner\u201d publicitario para llegar.<\/p>\n<p>\u00bfPor qu\u00e9 utiliza cookies?<\/p>\n<p>El sitio web utiliza cookies estrictamente necesarias y esenciales para que usted utilice nuestros sitios Web y le permitan moverse libremente, utilizar \u00e1reas seguras, opciones personalizadas, etc.<\/p>\n<p>Adem\u00e1s, utiliza cookies que recogen datos relativos al an\u00e1lisis de uso de la Web. \u00c9stas se utilizan para ayudar a mejorar el servicio al cliente, midiendo el uso y el rendimiento del sitio web, para optimizarla y personalizarla.<\/p>\n<p>Nuestros sitios tambi\u00e9n pueden tener enlaces de redes sociales (como Facebook o Twitter.\u00a0<strong>Farmacia Central A\u00f1aza<\/strong> no controla las cookies utilizadas por estas Web externas.<\/p>\n<p>Para m\u00e1s informaci\u00f3n sobre las cookies de las redes sociales u otras Webs ajenas, aconsejamos revisar sus propias pol\u00edticas de cookies.<\/p>\n<p>3.- Qu\u00e9 uso damos a las cookies seg\u00fan su finalidad<\/p>\n<p>Cookies t\u00e9cnicas: Las cookies t\u00e9cnicas son aquellas imprescindibles y estrictamente necesarias para el correcto funcionamiento de un portal Web y la utilizaci\u00f3n de las diferentes opciones y servicios que ofrece. Por ejemplo, las que sirven para el mantenimiento de la sesi\u00f3n, la gesti\u00f3n del tiempo de respuesta, rendimiento o validaci\u00f3n de opciones, utilizar elementos de seguridad, compartir contenido con redes sociales, etc.<br \/>\nCookies anal\u00edticas: Las cookies anal\u00edticas son las utilizadas por nuestros portales Web, para elaborar perfiles de navegaci\u00f3n y poder conocer las preferencias de los usuarios del mismo con el fin de mejorar la oferta de productos y servicios. <strong>Farmacia Central A\u00f1aza<\/strong> utiliza las Cookies anal\u00edticas de Google Analytics.<\/p>\n<h3>4.- C\u00f3mo deshabilitar las cookies<\/h3>\n<p>Para cumplir con la legislaci\u00f3n vigente, tenemos que pedir su permiso para gestionar cookies. Si decide no autorizar el tratamiento indic\u00e1ndonos su no conformidad, s\u00f3lo usar\u00edamos las cookies t\u00e9cnicas, puesto que son imprescindibles para la navegaci\u00f3n por nuestra Web. En este caso, no almacenar\u00edamos ninguna cookie. En el caso de seguir navegando por nuestro sitio web sin denegar su autorizaci\u00f3n implica que acepta su uso.<\/p>\n<p>Tenga en cuenta que si rechaza o borra las cookies de navegaci\u00f3n por la Web de la\u00a0<strong>Farmacia Central A\u00f1aza<\/strong>\u00a0no podremos mantener sus preferencias, algunas caracter\u00edsticas de los sitios no estar\u00e1n operativas, no podremos\u00a0 0frecerle servicios personalizados y cada vez que vaya a navegar por nuestra Web tendremos que solicitarle de nuevo su autorizaci\u00f3n para el uso de cookies.<\/p>\n<p>Si aun as\u00ed, decide modificar la configuraci\u00f3n de su acceso al sitio Web, debe saber que es posible eliminar las cookies o impedir que se registre esta informaci\u00f3n en su equipo en cualquier momento mediante la modificaci\u00f3n de los\u00a0 par\u00e1metros de configuraci\u00f3n de su navegador.<\/p>\n<p>Estos navegadores est\u00e1n sometidos a actualizaciones o modificaciones, por lo que no podemos garantizar que se ajusten completamente a la versi\u00f3n de su navegador. Tambi\u00e9n puede ser que utilice otro navegador no contemplado en estos enlaces como Konqueror, Arora, Flock, etc. Para evitar estos desajustes, puede acceder directamente desde las opciones de su navegador que se encuentra generalmente en el men\u00fa de Opciones, en la secci\u00f3n de \u201cPrivacidad\u201d. (Por favor, consulte la ayuda de su navegador para m\u00e1s informaci\u00f3n).<\/p>\n<p>Si acepta nuestras cookies, nos permite la mejora de la web para ofrecerle un acceso \u00f3ptimo y darle un servicio m\u00e1s eficaz y personalizado.<\/p>\n<p>Adem\u00e1s, usted puede configurar su navegador para establecer que s\u00f3lo los sitios Web de confianza o los sitios por los que est\u00e1 navegando en este momento puedan gestionar cookies lo que le permite seleccionar sus preferencias.<\/p>\n<p>Proporcionando esta pol\u00edtica,\u00a0<strong>Farmacia Central A\u00f1aza\u00a0<\/strong>demuestra el compromiso adquirido con la legislaci\u00f3n vigente sobre el uso de cookies, proporcion\u00e1ndole informaci\u00f3n para que usted pueda comprender qu\u00e9 tipo de cookies utilizamos y por qu\u00e9 lo hacemos. Con esto, pretendemos proporcionarle transparencia en cuanto a los datos tratados acerca de la navegaci\u00f3n realizada desde su equipo en nuestra Web.<\/p>\n<p>Esta pol\u00edtica se revisa peri\u00f3dicamente para asegurar su vigencia, por lo que puede ser modificada. Le recomendamos que visite el sitio con regularidad donde le informaremos de cualquier actualizaci\u00f3n al respecto.<\/p>\n","protected":false},"excerpt":{"rendered":"<p>Aviso legal 1.- Identificaci\u00f3n del prestador de servicios Nombre comercial: \u00a0Farmacia Licenciada Adoraci\u00f3n M\u00e9ndez Delgado Denominaci\u00f3n social: \u00a0Farmacia Licenciada Adoraci\u00f3n M\u00e9ndez Delgado [NIF] [N\u00famero de colegiado del titular de la oficina de farmacia] Domicilio social:\u00a0Calle Los Calados, n\u00ba 1\u00a0Edificio Alondras.\u00a038111 \u2013 A\u00f1aza Santa Cruz de Tenerife Correo electr\u00f3nico:\u00a0farmaciacentral@anazatenerife.es Tel\u00e9fono:\u00a0922 68 87 47 2.- Enlaces a [&hellip;]<\/p>\n","protected":false},"author":1,"featured_media":0,"parent":0,"menu_order":0,"comment_status":"closed","ping_status":"closed","template":"page-fullwidth.php","meta":[],"_links":{"self":[{"href":"https:\/\/farmaciacentrala\u00f1aza.com\/index.php?rest_route=\/wp\/v2\/pages\/195"}],"collection":[{"href":"https:\/\/farmaciacentrala\u00f1aza.com\/index.php?rest_route=\/wp\/v2\/pages"}],"about":[{"href":"https:\/\/farmaciacentrala\u00f1aza.com\/index.php?rest_route=\/wp\/v2\/types\/page"}],"author":[{"embeddable":true,"href":"https:\/\/farmaciacentrala\u00f1aza.com\/index.php?rest_route=\/wp\/v2\/users\/1"}],"replies":[{"embeddable":true,"href":"https:\/\/farmaciacentrala\u00f1aza.com\/index.php?rest_route=%2Fwp%2Fv2%2Fcomments&post=195"}],"version-history":[{"count":11,"href":"https:\/\/farmaciacentrala\u00f1aza.com\/index.php?rest_route=\/wp\/v2\/pages\/195\/revisions"}],"predecessor-version":[{"id":323,"href":"https:\/\/farmaciacentrala\u00f1aza.com\/index.php?rest_route=\/wp\/v2\/pages\/195\/revisions\/323"}],"wp:attachment":[{"href":"https:\/\/farmaciacentrala\u00f1aza.com\/index.php?rest_route=%2Fwp%2Fv2%2Fmedia&parent=195"}],"curies":[{"name":"wp","href":"https:\/\/api.w.org\/{rel}","templated":true}]}}