{"id":40,"date":"2016-01-30T11:49:55","date_gmt":"2016-01-30T11:49:55","guid":{"rendered":"http:\/\/farmaciacentrala\u00f1aza.com\/?page_id=40"},"modified":"2019-08-27T11:42:14","modified_gmt":"2019-08-27T11:42:14","slug":"pedido","status":"publish","type":"page","link":"https:\/\/farmaciacentrala\u00f1aza.com\/?page_id=40","title":{"rendered":"Pedido online"},"content":{"rendered":"<p>Para agilizar su compra, <strong>puede enviarnos <em>\u201csu lista* de la compra\u201d<\/em><\/strong>, a trav\u00e9s de este formulario de contacto y beneficiarse de las ventajas de comprar desde casa y la atenci\u00f3n personalizada de venir a la farmacia.<\/p>\n<p><strong>Procesaremos su pedido y le mandaremos un email<\/strong>\u00a0en cuanto est\u00e9 listo para pasar a recogerlo.<\/p>\n<p>1.- Realiza tu pedido rellenando el formulario con lo que necesites<\/p>\n<p>2.- Recibir\u00e1s un correo electr\u00f3nico cuando este listo con tu d\u00eda y fecha de recogida<\/p>\n<div role=\"form\" class=\"wpcf7\" id=\"wpcf7-f48-o1\" lang=\"es-ES\" dir=\"ltr\">\n<div class=\"screen-reader-response\"><p role=\"status\" aria-live=\"polite\" aria-atomic=\"true\"><\/p> <ul><\/ul><\/div>\n<form action=\"\/index.php?rest_route=%2Fwp%2Fv2%2Fpages%2F40#wpcf7-f48-o1\" method=\"post\" class=\"wpcf7-form init\" novalidate=\"novalidate\" data-status=\"init\">\n<div style=\"display: none;\">\n<input type=\"hidden\" name=\"_wpcf7\" value=\"48\" \/>\n<input type=\"hidden\" name=\"_wpcf7_version\" value=\"5.6\" \/>\n<input type=\"hidden\" name=\"_wpcf7_locale\" value=\"es_ES\" \/>\n<input type=\"hidden\" name=\"_wpcf7_unit_tag\" value=\"wpcf7-f48-o1\" \/>\n<input type=\"hidden\" name=\"_wpcf7_container_post\" value=\"0\" \/>\n<input type=\"hidden\" name=\"_wpcf7_posted_data_hash\" value=\"\" \/>\n<\/div>\n<p>Nombre (requerido)<br \/>\n    <span class=\"wpcf7-form-control-wrap\" data-name=\"your-name\"><input type=\"text\" name=\"your-name\" value=\"\" size=\"40\" class=\"wpcf7-form-control wpcf7-text wpcf7-validates-as-required\" aria-required=\"true\" aria-invalid=\"false\" \/><\/span> <\/p>\n<p>Correo electr\u00f3nico (requerido)<br \/>\n    <span class=\"wpcf7-form-control-wrap\" data-name=\"your-email\"><input type=\"email\" name=\"your-email\" value=\"\" size=\"40\" class=\"wpcf7-form-control wpcf7-text wpcf7-email wpcf7-validates-as-required wpcf7-validates-as-email\" aria-required=\"true\" aria-invalid=\"false\" \/><\/span> <\/p>\n<p>Tel\u00e9fono (requerido) <br \/>\n    <span class=\"wpcf7-form-control-wrap\" data-name=\"your-tel\"><input type=\"tel\" name=\"your-tel\" value=\"\" size=\"40\" class=\"wpcf7-form-control wpcf7-text wpcf7-tel wpcf7-validates-as-required wpcf7-validates-as-tel\" aria-required=\"true\" aria-invalid=\"false\" \/><\/span> <\/p>\n<p>Mensaje<br \/>\n    <span class=\"wpcf7-form-control-wrap\" data-name=\"your-message\"><textarea name=\"your-message\" cols=\"40\" rows=\"10\" class=\"wpcf7-form-control wpcf7-textarea\" aria-invalid=\"false\"><\/textarea><\/span> <\/p>\n<p><span class=\"wpcf7-form-control-wrap\" data-name=\"your-checkbox\"><span class=\"wpcf7-form-control wpcf7-checkbox wpcf7-validates-as-required\"><span class=\"wpcf7-list-item first last\"><input type=\"checkbox\" name=\"your-checkbox[]\" value=\"Acepto la pol\u00edtica de privacidad\" \/><span class=\"wpcf7-list-item-label\">Acepto la pol\u00edtica de privacidad<\/span><\/span><\/span><\/span><\/p>\n<p>Acepto la pol\u00edtica de protecci\u00f3n de datos. Sus datos son incorporados a un tratamiento<br \/>\nde datos de que es responsable Farmcia Central A\u00f1aza.<\/p>\n<p>Trataremos sus datos para informarle sobre nuestros productos y\/o servicios. Podr\u00e1 ejercer los derechos de acceso, supresi\u00f3n, rectificaci\u00f3n, limitaci\u00f3n, portabilidad, oposici\u00f3n,<br \/>\ny la revocaci\u00f3n mediante email dirigido a farmaciacentral@anazatenerife.es<\/p>\n<p><input type=\"submit\" value=\"Enviar\" class=\"wpcf7-form-control has-spinner wpcf7-submit\" \/><\/p>\n<p style=\"display: none !important;\"><label>&#916;<textarea name=\"_wpcf7_ak_hp_textarea\" cols=\"45\" rows=\"8\" maxlength=\"100\"><\/textarea><\/label><input type=\"hidden\" id=\"ak_js_1\" name=\"_wpcf7_ak_js\" value=\"194\"\/><script>document.getElementById( \"ak_js_1\" ).setAttribute( \"value\", ( new Date() ).getTime() );<\/script><\/p><div class=\"wpcf7-response-output\" aria-hidden=\"true\"><\/div><\/form><\/div>\n<p><strong>Condiciones de uso<\/strong><\/p>\n<p><strong>PASO 1<\/strong><\/p>\n<p>-Rellenar todos los datos del formulario, imprescindible email y tel\u00e9fono. Los datos nos ser\u00e1n usados con ning\u00fan publicitario, s\u00f3lo y exclusivamente para su pedido online.<\/p>\n<p>-Es imprescindible indicar de la forma m\u00e1s precisa la cantidad y tama\u00f1o de los productos que se solicitan.<\/p>\n<p><strong>PASO 2\u00a0<\/strong><\/p>\n<p>-Recibir\u00e1s un aviso v\u00eda email cuando est\u00e9 listo tu pedido e indicaremos el importe del mismo. Teniendo en cuenta lo siguiente:<\/p>\n<p>Si haces tu pedido online despu\u00e9s de las 18:00 horas, tu pedido estar\u00e1 listo al d\u00eda siguiente.<\/p>\n<p>Si haces tu pedido online entre las 12:00 y 14:00 horas, tu pedido podr\u00e1s recogerlo a partir de las 18:00 horas del mismo d\u00eda.<\/p>\n<p>Si haces tu pedido online antes de las 12:00 horas, tu pedido estar\u00e1 listo ese mismo d\u00eda y podr\u00e1s recogerlo a partir de las 14:00 horas.<\/p>\n<p>-El pago se realizar\u00e1 en el mostrador donde recoger\u00e1s el pedido.<\/p>\n<p><strong>PASO 3<\/strong><\/p>\n<p>-Esperar su turno correspondiente.<\/p>\n<p>-Si quiere realizar el pedido de medicamentos deber\u00e1 indicarnos en la Oficina de Farmacia el c\u00f3digo de identificaci\u00f3n del paciente y el plan de tratamiento.<\/p>\n<p>-Los pedidos se guardaran 24 horas para su retirada.<\/p>\n<p>-Ser\u00e1s atendido a la mayor brevedad posible.<\/p>\n<p>&nbsp;<\/p>\n<p>&nbsp;<\/p>\n","protected":false},"excerpt":{"rendered":"<p>Para agilizar su compra, puede enviarnos \u201csu lista* de la compra\u201d, a trav\u00e9s de este formulario de contacto y beneficiarse de las ventajas de comprar desde casa y la atenci\u00f3n personalizada de venir a la farmacia. Procesaremos su pedido y le mandaremos un email\u00a0en cuanto est\u00e9 listo para pasar a recogerlo. 1.- Realiza tu pedido [&hellip;]<\/p>\n","protected":false},"author":1,"featured_media":0,"parent":0,"menu_order":0,"comment_status":"closed","ping_status":"closed","template":"","meta":[],"_links":{"self":[{"href":"https:\/\/farmaciacentrala\u00f1aza.com\/index.php?rest_route=\/wp\/v2\/pages\/40"}],"collection":[{"href":"https:\/\/farmaciacentrala\u00f1aza.com\/index.php?rest_route=\/wp\/v2\/pages"}],"about":[{"href":"https:\/\/farmaciacentrala\u00f1aza.com\/index.php?rest_route=\/wp\/v2\/types\/page"}],"author":[{"embeddable":true,"href":"https:\/\/farmaciacentrala\u00f1aza.com\/index.php?rest_route=\/wp\/v2\/users\/1"}],"replies":[{"embeddable":true,"href":"https:\/\/farmaciacentrala\u00f1aza.com\/index.php?rest_route=%2Fwp%2Fv2%2Fcomments&post=40"}],"version-history":[{"count":14,"href":"https:\/\/farmaciacentrala\u00f1aza.com\/index.php?rest_route=\/wp\/v2\/pages\/40\/revisions"}],"predecessor-version":[{"id":339,"href":"https:\/\/farmaciacentrala\u00f1aza.com\/index.php?rest_route=\/wp\/v2\/pages\/40\/revisions\/339"}],"wp:attachment":[{"href":"https:\/\/farmaciacentrala\u00f1aza.com\/index.php?rest_route=%2Fwp%2Fv2%2Fmedia&parent=40"}],"curies":[{"name":"wp","href":"https:\/\/api.w.org\/{rel}","templated":true}]}}