{"id":431,"date":"2023-04-15T12:04:37","date_gmt":"2023-04-15T12:04:37","guid":{"rendered":"https:\/\/farmaciacentrala\u00f1aza.com\/?page_id=431"},"modified":"2023-05-10T19:32:36","modified_gmt":"2023-05-10T19:32:36","slug":"servicio-dermoconsejera","status":"publish","type":"page","link":"https:\/\/farmaciacentrala\u00f1aza.com\/?page_id=431","title":{"rendered":"Servicio dermoconsejera"},"content":{"rendered":"\n<p style=\"text-align: left;\">Esencia de Salud complementa nuestros servicios de salud y bienestar.\u00a0Nuestra dermoconsejera incidir\u00e1 sobre h\u00e1bitos de higiene y cuidados esenciales personalizados para cada tipo de paciente, con recomendaciones espec\u00edficas para pieles sensibles, at\u00f3picas, secas, grasas o con tendencia acneica, con alergias, manchas, cuperosis, dermatitis seborreica, ros\u00e1cea, etc., as\u00ed como para los distintos problemas capilares: caspa, grasa, picores, ca\u00edda, descamaci\u00f3n\u2026<\/p>\n<p><img decoding=\"async\" loading=\"lazy\" class=\" wp-image-529 aligncenter\" src=\"https:\/\/farmaciacentrala\u00f1aza.com\/wp-content\/uploads\/2023\/05\/Dernocosmetica.jpg\" alt=\"Rosi Dermo Consejera\" width=\"613\" height=\"607\" srcset=\"https:\/\/farmaciacentrala\u00f1aza.com\/wp-content\/uploads\/2023\/05\/Dernocosmetica.jpg 720w, https:\/\/farmaciacentrala\u00f1aza.com\/wp-content\/uploads\/2023\/05\/Dernocosmetica-300x297.jpg 300w, https:\/\/farmaciacentrala\u00f1aza.com\/wp-content\/uploads\/2023\/05\/Dernocosmetica-150x150.jpg 150w, https:\/\/farmaciacentrala\u00f1aza.com\/wp-content\/uploads\/2023\/05\/Dernocosmetica-60x60.jpg 60w\" sizes=\"(max-width: 613px) 100vw, 613px\" \/><\/p>\n<p>\u00a0<\/p>\n\n\n","protected":false},"excerpt":{"rendered":"<p>Esencia de Salud complementa nuestros servicios de salud y bienestar.\u00a0Nuestra dermoconsejera incidir\u00e1 sobre h\u00e1bitos de higiene y cuidados esenciales personalizados para cada tipo de paciente, con recomendaciones espec\u00edficas para pieles sensibles, at\u00f3picas, secas, grasas o con tendencia acneica, con alergias, manchas, cuperosis, dermatitis seborreica, ros\u00e1cea, etc., as\u00ed como para los distintos problemas capilares: caspa, grasa, [&hellip;]<\/p>\n","protected":false},"author":1,"featured_media":0,"parent":0,"menu_order":0,"comment_status":"closed","ping_status":"closed","template":"","meta":[],"_links":{"self":[{"href":"https:\/\/farmaciacentrala\u00f1aza.com\/index.php?rest_route=\/wp\/v2\/pages\/431"}],"collection":[{"href":"https:\/\/farmaciacentrala\u00f1aza.com\/index.php?rest_route=\/wp\/v2\/pages"}],"about":[{"href":"https:\/\/farmaciacentrala\u00f1aza.com\/index.php?rest_route=\/wp\/v2\/types\/page"}],"author":[{"embeddable":true,"href":"https:\/\/farmaciacentrala\u00f1aza.com\/index.php?rest_route=\/wp\/v2\/users\/1"}],"replies":[{"embeddable":true,"href":"https:\/\/farmaciacentrala\u00f1aza.com\/index.php?rest_route=%2Fwp%2Fv2%2Fcomments&post=431"}],"version-history":[{"count":3,"href":"https:\/\/farmaciacentrala\u00f1aza.com\/index.php?rest_route=\/wp\/v2\/pages\/431\/revisions"}],"predecessor-version":[{"id":530,"href":"https:\/\/farmaciacentrala\u00f1aza.com\/index.php?rest_route=\/wp\/v2\/pages\/431\/revisions\/530"}],"wp:attachment":[{"href":"https:\/\/farmaciacentrala\u00f1aza.com\/index.php?rest_route=%2Fwp%2Fv2%2Fmedia&parent=431"}],"curies":[{"name":"wp","href":"https:\/\/api.w.org\/{rel}","templated":true}]}}