{"id":438,"date":"2023-04-15T12:25:55","date_gmt":"2023-04-15T12:25:55","guid":{"rendered":"https:\/\/farmaciacentrala\u00f1aza.com\/?page_id=438"},"modified":"2023-04-15T14:23:20","modified_gmt":"2023-04-15T14:23:20","slug":"servicio-de-elaboracion-spd","status":"publish","type":"page","link":"https:\/\/farmaciacentrala\u00f1aza.com\/?page_id=438","title":{"rendered":"Servicio de elaboraci\u00f3n SPD"},"content":{"rendered":"\n<p>Es el mejor servicio para llegar a nuestros pacientes ayud\u00e1ndoles a organizar su medicaci\u00f3n. Sus medicamentos a su hora y sin olvidos.<\/p>\n<p>El SPD es un dispositivo de reacondicionamiento de medicamentos cerrado herm\u00e9ticamente en el que se disponen los comprimidos y\/o c\u00e1psulas que el paciente debe tomar, agrupados en funci\u00f3n del momento en el que deben ser administrados a lo largo del d\u00eda y que contiene la informaci\u00f3n necesaria para la correcta administraci\u00f3n de las dosis.<\/p>\n<p><a href=\"http:\/\/www.coftenerife.es\/docs\/SPD\/Registro%20Farmacias%20elaboradoras%20de%20SPD.pdf\">Colegio Oficial de Farmace\u00fatico<\/a><\/p>\n<p><img decoding=\"async\" loading=\"lazy\" class=\"aligncenter wp-image-146\" src=\"http:\/\/farmaciacentrala\u00f1aza.com\/wp-content\/uploads\/2017\/01\/S2sdp.jpg\" alt=\"\" width=\"254\" height=\"169\" srcset=\"https:\/\/farmaciacentrala\u00f1aza.com\/wp-content\/uploads\/2017\/01\/S2sdp.jpg 450w, https:\/\/farmaciacentrala\u00f1aza.com\/wp-content\/uploads\/2017\/01\/S2sdp-300x200.jpg 300w\" sizes=\"(max-width: 254px) 100vw, 254px\" \/><\/p>\n","protected":false},"excerpt":{"rendered":"<p>Es el mejor servicio para llegar a nuestros pacientes ayud\u00e1ndoles a organizar su medicaci\u00f3n. Sus medicamentos a su hora y sin olvidos. El SPD es un dispositivo de reacondicionamiento de medicamentos cerrado herm\u00e9ticamente en el que se disponen los comprimidos y\/o c\u00e1psulas que el paciente debe tomar, agrupados en funci\u00f3n del momento en el que [&hellip;]<\/p>\n","protected":false},"author":1,"featured_media":0,"parent":0,"menu_order":0,"comment_status":"closed","ping_status":"closed","template":"","meta":[],"_links":{"self":[{"href":"https:\/\/farmaciacentrala\u00f1aza.com\/index.php?rest_route=\/wp\/v2\/pages\/438"}],"collection":[{"href":"https:\/\/farmaciacentrala\u00f1aza.com\/index.php?rest_route=\/wp\/v2\/pages"}],"about":[{"href":"https:\/\/farmaciacentrala\u00f1aza.com\/index.php?rest_route=\/wp\/v2\/types\/page"}],"author":[{"embeddable":true,"href":"https:\/\/farmaciacentrala\u00f1aza.com\/index.php?rest_route=\/wp\/v2\/users\/1"}],"replies":[{"embeddable":true,"href":"https:\/\/farmaciacentrala\u00f1aza.com\/index.php?rest_route=%2Fwp%2Fv2%2Fcomments&post=438"}],"version-history":[{"count":2,"href":"https:\/\/farmaciacentrala\u00f1aza.com\/index.php?rest_route=\/wp\/v2\/pages\/438\/revisions"}],"predecessor-version":[{"id":440,"href":"https:\/\/farmaciacentrala\u00f1aza.com\/index.php?rest_route=\/wp\/v2\/pages\/438\/revisions\/440"}],"wp:attachment":[{"href":"https:\/\/farmaciacentrala\u00f1aza.com\/index.php?rest_route=%2Fwp%2Fv2%2Fmedia&parent=438"}],"curies":[{"name":"wp","href":"https:\/\/api.w.org\/{rel}","templated":true}]}}