{"id":98,"date":"2017-01-23T12:35:39","date_gmt":"2017-01-23T12:35:39","guid":{"rendered":"http:\/\/farmaciacentrala\u00f1aza.com\/?page_id=98"},"modified":"2023-04-15T15:22:38","modified_gmt":"2023-04-15T15:22:38","slug":"servicios","status":"publish","type":"page","link":"https:\/\/farmaciacentrala\u00f1aza.com\/?page_id=98","title":{"rendered":"Servicios"},"content":{"rendered":"<h3 style=\"text-align: center;\"><span style=\"color: #333333;\"><div id=\"osc_servicebox_0\" class=\"osc_servicebox \"><span class=\"glyphicon glyphicon-apple icon_bg iconcircle\"><\/span><div class=\"osc_servicebox_content\"><\/span><\/h3>\n<h3 style=\"text-align: center;\"><span style=\"color: #333333;\">Dietista y control de peso<\/span><\/h3>\n<h3 style=\"text-align: center;\"><span style=\"color: #333333;\"><\/div><\/div><\/span><\/h3>\n<p style=\"text-align: center;\">El objetivo de nuestra dietista consiste en ense\u00f1ar a nuestros pacientes a llevar una alimentaci\u00f3n saludable, a trav\u00e9s del cambio de h\u00e1bitos y el acompa\u00f1amiento de ejercicio f\u00edsico<\/p>\n<p style=\"text-align: center;\">Nuestra dermoconsejera incidir\u00e1 sobre h\u00e1bitos de higiene y cuidados esenciales personalizados para cada tipo de paciente<\/p>\n<p style=\"text-align: center;\"><a class=\"btn btn-default btn-lg  \" href=\"?page_id=378\"  rel=\"?page_id=378\"  target=\"_self\">+<\/a><\/p>\n<h3 style=\"text-align: center;\"><span style=\"color: #333333;\"><div id=\"osc_servicebox_1\" class=\"osc_servicebox \"><span class=\"glyphicon glyphicon-user icon_bg iconcircle\"><\/span><div class=\"osc_servicebox_content\"><\/span><\/h3>\n<h3 style=\"text-align: center;\"><span style=\"color: #333333;\">Dermoconsejera<\/span><\/h3>\n<p style=\"text-align: center;\">Nuestra dermoconsejera incidir\u00e1 sobre h\u00e1bitos de higiene y cuidados esenciales personalizados para cada tipo de paciente<\/p>\n<h3 style=\"text-align: center;\"><span style=\"color: #333333;\"><\/div><\/div><\/span><\/h3>\n<p style=\"text-align: center;\"><a class=\"btn btn-default btn-lg  \" href=\"?page_id=431\"  rel=\"?page_id=431\"  target=\"_self\">+<\/a><\/p>\n<h3 style=\"text-align: center;\"><span style=\"color: #333333;\"><div id=\"osc_servicebox_2\" class=\"osc_servicebox \"><span class=\"glyphicon glyphicon-erase icon_bg iconcircle\"><\/span><div class=\"osc_servicebox_content\"><\/span><\/h3>\n<h3 style=\"text-align: center;\"><span style=\"color: #333333;\">Estudio Capilar<\/span><\/h3>\n<p style=\"text-align: center;\"><span style=\"color: #333333;\">En nuestra farmacia trabajamos con muchas personas con problemas capilares, algun@s tienen grandes dificultades para encontrar una soluci\u00f3n, pero la gran mayor\u00eda s\u00f3lo tienen un problema NADIE LES HA DICHO NUNCA QU\u00c9 ES LO QUE REALMENTE LES CONVIENE\u00a0<\/span><\/p>\n<h3 style=\"text-align: center;\"><span style=\"color: #333333;\"><\/div><\/div><\/span><\/h3>\n<p style=\"text-align: center;\"><a class=\"btn btn-default btn-lg  \" href=\"?page_id=433\"  rel=\"?page_id=433\"  target=\"_self\">+<\/a><\/p>\n<h3 style=\"text-align: center;\"><span style=\"color: #333333;\"><div id=\"osc_servicebox_3\" class=\"osc_servicebox \"><span class=\"glyphicon glyphicon-plus icon_bg iconcircle\"><\/span><div class=\"osc_servicebox_content\"><\/span><\/h3>\n<h3 style=\"text-align: center;\"><span style=\"color: #333333;\">Recogida de medicamentos<\/span><\/h3>\n<p style=\"text-align: center;\">Nuestra farmacia dispone de un Punto SIGRE. Estos puntos son lugares de recogida de medicamentos caducados, o no utilizados y sus envases<\/p>\n<h3 style=\"text-align: center;\"><span style=\"color: #333333;\"><\/div><\/div><\/span><\/h3>\n<p style=\"text-align: center;\"><span style=\"color: revert; font-size: revert; font-weight: revert;\"><a class=\"btn btn-default btn-lg  \" href=\"?page_id=436\"  rel=\"?page_id=436\"  target=\"_self\">+<\/a><\/span><\/p>\n<h3 style=\"text-align: center;\"><span style=\"color: #333333;\"><div id=\"osc_servicebox_4\" class=\"osc_servicebox \"><span class=\"glyphicon glyphicon-equalizer icon_bg iconcircle\"><\/span><div class=\"osc_servicebox_content\"><\/span><\/h3>\n<h3 style=\"text-align: center;\"><span style=\"color: #333333;\">Farmacia elaboradora de SPD<\/span><\/h3>\n<h3 style=\"text-align: center;\"><span style=\"color: #333333;\"><\/div><\/div><\/span><\/h3>\n<p style=\"text-align: center;\">Es el mejor servicio para llegar a nuestros pacientes ayud\u00e1ndoles a organizar su medicaci\u00f3n. Sus medicamentos a su hora y sin olvidos<\/p>\n<p style=\"text-align: center;\"><a class=\"btn btn-default btn-lg  \" href=\"?page_id=438\"  rel=\"?page_id=438\"  target=\"_self\">+<\/a><\/p>\n","protected":false},"excerpt":{"rendered":"<p>El objetivo de nuestra dietista consiste en ense\u00f1ar a nuestros pacientes a llevar una alimentaci\u00f3n saludable, a trav\u00e9s del cambio de h\u00e1bitos y el acompa\u00f1amiento de ejercicio f\u00edsico Nuestra dermoconsejera incidir\u00e1 sobre h\u00e1bitos de higiene y cuidados esenciales personalizados para cada tipo de paciente Es el mejor servicio para llegar a nuestros pacientes ayud\u00e1ndoles a [&hellip;]<\/p>\n","protected":false},"author":1,"featured_media":0,"parent":0,"menu_order":0,"comment_status":"closed","ping_status":"closed","template":"page-fullwidth.php","meta":[],"_links":{"self":[{"href":"https:\/\/farmaciacentrala\u00f1aza.com\/index.php?rest_route=\/wp\/v2\/pages\/98"}],"collection":[{"href":"https:\/\/farmaciacentrala\u00f1aza.com\/index.php?rest_route=\/wp\/v2\/pages"}],"about":[{"href":"https:\/\/farmaciacentrala\u00f1aza.com\/index.php?rest_route=\/wp\/v2\/types\/page"}],"author":[{"embeddable":true,"href":"https:\/\/farmaciacentrala\u00f1aza.com\/index.php?rest_route=\/wp\/v2\/users\/1"}],"replies":[{"embeddable":true,"href":"https:\/\/farmaciacentrala\u00f1aza.com\/index.php?rest_route=%2Fwp%2Fv2%2Fcomments&post=98"}],"version-history":[{"count":67,"href":"https:\/\/farmaciacentrala\u00f1aza.com\/index.php?rest_route=\/wp\/v2\/pages\/98\/revisions"}],"predecessor-version":[{"id":495,"href":"https:\/\/farmaciacentrala\u00f1aza.com\/index.php?rest_route=\/wp\/v2\/pages\/98\/revisions\/495"}],"wp:attachment":[{"href":"https:\/\/farmaciacentrala\u00f1aza.com\/index.php?rest_route=%2Fwp%2Fv2%2Fmedia&parent=98"}],"curies":[{"name":"wp","href":"https:\/\/api.w.org\/{rel}","templated":true}]}}